{"id":8113,"date":"2023-10-26T19:47:59","date_gmt":"2023-10-26T19:47:59","guid":{"rendered":"https:\/\/byryber.com\/?page_id=8113"},"modified":"2024-04-15T09:17:03","modified_gmt":"2024-04-15T09:17:03","slug":"home","status":"publish","type":"page","link":"https:\/\/byryber.com\/en\/home\/","title":{"rendered":"Home"},"content":{"rendered":"\t\t<div data-elementor-type=\"wp-page\" data-elementor-id=\"8113\" class=\"elementor elementor-8113\" data-elementor-settings=\"{&quot;bayone_enable_page_lines&quot;:&quot;off&quot;}\" data-elementor-post-type=\"page\">\n\t\t\t\t<div class=\"elementor-element elementor-element-b0b209b e-con-full elementor-hidden-mobile e-flex e-con e-parent\" data-id=\"b0b209b\" data-element_type=\"container\" data-e-type=\"container\">\n\t\t\t\t<div class=\"elementor-element elementor-element-196db61 elementor-widget elementor-widget-video\" data-id=\"196db61\" data-element_type=\"widget\" data-e-type=\"widget\" id=\"video-header-bk\" data-settings=\"{&quot;video_type&quot;:&quot;hosted&quot;,&quot;autoplay&quot;:&quot;yes&quot;,&quot;mute&quot;:&quot;yes&quot;,&quot;loop&quot;:&quot;yes&quot;}\" data-widget_type=\"video.default\">\n\t\t\t\t<div class=\"elementor-widget-container\">\n\t\t\t\t\t\t\t<div class=\"e-hosted-video elementor-wrapper elementor-open-inline\">\n\t\t\t\t\t<video class=\"elementor-video\" src=\"https:\/\/byryber.com\/wp-content\/uploads\/2024\/04\/1HOME_DEF_16-9.mp4\" autoplay=\"\" loop=\"\" muted=\"muted\" controlsList=\"nodownload\" poster=\"https:\/\/byryber.com\/wp-content\/uploads\/2023\/10\/CC5A3900-scaled.jpg\"><\/video>\n\t\t\t\t<\/div>\n\t\t\t\t\t\t<\/div>\n\t\t\t\t<\/div>\n\t\t\t\t<div class=\"elementor-element elementor-element-e4bc280 icon-audio elementor-absolute elementor-view-default elementor-widget elementor-widget-icon\" data-id=\"e4bc280\" data-element_type=\"widget\" data-e-type=\"widget\" id=\"icon-audio\" data-settings=\"{&quot;_position&quot;:&quot;absolute&quot;}\" data-widget_type=\"icon.default\">\n\t\t\t\t<div class=\"elementor-widget-container\">\n\t\t\t\t\t\t\t<div class=\"elementor-icon-wrapper\">\n\t\t\t<div class=\"elementor-icon\">\n\t\t\t<i aria-hidden=\"true\" class=\"fas fa-music\"><\/i>\t\t\t<\/div>\n\t\t<\/div>\n\t\t\t\t\t\t<\/div>\n\t\t\t\t<\/div>\n\t\t\t\t<\/div>\n\t\t<div class=\"elementor-element elementor-element-ac0daa3 e-con-full elementor-hidden-desktop elementor-hidden-tablet e-flex e-con e-parent\" data-id=\"ac0daa3\" data-element_type=\"container\" data-e-type=\"container\">\n\t\t\t\t<div class=\"elementor-element elementor-element-9362f9b elementor-widget elementor-widget-video\" data-id=\"9362f9b\" data-element_type=\"widget\" data-e-type=\"widget\" id=\"video-header-mobile-bk\" data-settings=\"{&quot;video_type&quot;:&quot;hosted&quot;,&quot;autoplay&quot;:&quot;yes&quot;,&quot;mute&quot;:&quot;yes&quot;,&quot;loop&quot;:&quot;yes&quot;,&quot;play_on_mobile&quot;:&quot;yes&quot;}\" data-widget_type=\"video.default\">\n\t\t\t\t<div class=\"elementor-widget-container\">\n\t\t\t\t\t\t\t<div class=\"e-hosted-video elementor-wrapper elementor-open-inline\">\n\t\t\t\t\t<video class=\"elementor-video\" src=\"https:\/\/byryber.com\/wp-content\/uploads\/2024\/04\/1HOME_DEF_9-16.mp4\" autoplay=\"\" loop=\"\" muted=\"muted\" playsinline=\"\" controlsList=\"nodownload\" poster=\"https:\/\/byryber.com\/wp-content\/uploads\/2023\/10\/CC5A3900-scaled.jpg\"><\/video>\n\t\t\t\t<\/div>\n\t\t\t\t\t\t<\/div>\n\t\t\t\t<\/div>\n\t\t\t\t<div class=\"elementor-element elementor-element-22761c3 icon-audio elementor-absolute elementor-view-default elementor-widget elementor-widget-icon\" data-id=\"22761c3\" data-element_type=\"widget\" data-e-type=\"widget\" id=\"icon-audio-mobile\" data-settings=\"{&quot;_position&quot;:&quot;absolute&quot;}\" data-widget_type=\"icon.default\">\n\t\t\t\t<div class=\"elementor-widget-container\">\n\t\t\t\t\t\t\t<div class=\"elementor-icon-wrapper\">\n\t\t\t<div class=\"elementor-icon\">\n\t\t\t<i aria-hidden=\"true\" class=\"fas fa-music\"><\/i>\t\t\t<\/div>\n\t\t<\/div>\n\t\t\t\t\t\t<\/div>\n\t\t\t\t<\/div>\n\t\t\t\t<\/div>\n\t\t<div class=\"elementor-element elementor-element-a11a01b e-con-full e-flex e-con e-parent\" data-id=\"a11a01b\" data-element_type=\"container\" data-e-type=\"container\" data-settings=\"{&quot;background_background&quot;:&quot;classic&quot;,&quot;shape_divider_bottom&quot;:&quot;arrow&quot;}\">\n\t\t\t\t<div class=\"elementor-shape elementor-shape-bottom\" aria-hidden=\"true\" data-negative=\"false\">\n\t\t\t<svg xmlns=\"http:\/\/www.w3.org\/2000\/svg\" viewBox=\"0 0 700 10\" preserveAspectRatio=\"none\">\n\t<path class=\"elementor-shape-fill\" d=\"M350,10L340,0h20L350,10z\"\/>\n<\/svg>\t\t<\/div>\n\t\t\t\t<div class=\"elementor-element elementor-element-4a9a601 wave-effect {   text-align: center;   background: linear-gradient(90deg, #ffffff, #244B34, #ffffff);   background-size: 200% auto;   color: transparent;   -webkit-background-clip: text;   background-clip: text;   animation: wave 5s infinite linear; elementor-widget elementor-widget-heading\" data-id=\"4a9a601\" data-element_type=\"widget\" data-e-type=\"widget\" id=\"wave-effect {   text-align: center;   background: linear-gradient(90deg, #ffffff, #244B34, #ffffff);   background-size: 200% auto;   color: transparent;   -webkit-background-clip: text;   background-clip: text;   animation: wave 5s infinite linear;\" data-settings=\"{&quot;motion_fx_motion_fx_scrolling&quot;:&quot;yes&quot;,&quot;motion_fx_translateY_effect&quot;:&quot;yes&quot;,&quot;motion_fx_blur_effect&quot;:&quot;yes&quot;,&quot;motion_fx_blur_level&quot;:{&quot;unit&quot;:&quot;px&quot;,&quot;size&quot;:&quot;2&quot;,&quot;sizes&quot;:[]},&quot;motion_fx_blur_range&quot;:{&quot;unit&quot;:&quot;%&quot;,&quot;size&quot;:&quot;&quot;,&quot;sizes&quot;:{&quot;start&quot;:&quot;20&quot;,&quot;end&quot;:&quot;62&quot;}},&quot;motion_fx_translateY_speed&quot;:{&quot;unit&quot;:&quot;px&quot;,&quot;size&quot;:4,&quot;sizes&quot;:[]},&quot;motion_fx_translateY_affectedRange&quot;:{&quot;unit&quot;:&quot;%&quot;,&quot;size&quot;:&quot;&quot;,&quot;sizes&quot;:{&quot;start&quot;:0,&quot;end&quot;:100}},&quot;motion_fx_blur_direction&quot;:&quot;out-in&quot;,&quot;motion_fx_devices&quot;:[&quot;desktop&quot;,&quot;tablet&quot;,&quot;mobile&quot;]}\" data-widget_type=\"heading.default\">\n\t\t\t\t<div class=\"elementor-widget-container\">\n\t\t\t\t\t<h2 class=\"elementor-heading-title elementor-size-default\">Bringing vision to life<\/h2>\t\t\t\t<\/div>\n\t\t\t\t<\/div>\n\t\t\t\t<\/div>\n\t\t<div class=\"elementor-element elementor-element-e517b5e e-con-full e-flex e-con e-parent\" data-id=\"e517b5e\" data-element_type=\"container\" data-e-type=\"container\" data-settings=\"{&quot;background_background&quot;:&quot;classic&quot;}\">\n\t\t\t\t<div class=\"elementor-element elementor-element-6e54211 elementor-widget elementor-widget-bayone-portfolio-slider\" data-id=\"6e54211\" data-element_type=\"widget\" data-e-type=\"widget\" data-widget_type=\"bayone-portfolio-slider.default\">\n\t\t\t\t<div class=\"elementor-widget-container\">\n\t\t\t\t\t                            <header class=\"bayone-half-slider\">\r\n                    <div class=\"gallery-img\">\r\n                        <div class=\"swiper-container\">\r\n                            <div class=\"swiper-wrapper\">\r\n                                                                    <div class=\"swiper-slide\">\r\n                                        <div class=\"bg-img\" data-background=\"https:\/\/byryber.com\/wp-content\/uploads\/2024\/01\/louis-vuitton-byryber.jpg\" data-overlay-dark=\"3\">\r\n                                            <a href=\"https:\/\/byryber.com\/en\/portfolio\/louis-vuitton-production\/\" class=\"animsition-link\"><\/a>\r\n                                        <\/div>\r\n                                    <\/div>\r\n                                                                    <div class=\"swiper-slide\">\r\n                                        <div class=\"bg-img\" data-background=\"https:\/\/byryber.com\/wp-content\/uploads\/2024\/01\/travel-experience-coccinelle.jpg\" data-overlay-dark=\"3\">\r\n                                            <a href=\"https:\/\/byryber.com\/en\/portfolio\/travel-experience-x-coccinelle-lapponia\/\" class=\"animsition-link\"><\/a>\r\n                                        <\/div>\r\n                                    <\/div>\r\n                                                                    <div class=\"swiper-slide\">\r\n                                        <div class=\"bg-img\" data-background=\"https:\/\/byryber.com\/wp-content\/uploads\/2024\/01\/Cover-e1706375099774.jpg\" data-overlay-dark=\"3\">\r\n                                            <a href=\"https:\/\/byryber.com\/en\/portfolio\/kilianparis-vanity-fair\/\" class=\"animsition-link\"><\/a>\r\n                                        <\/div>\r\n                                    <\/div>\r\n                                                                    <div class=\"swiper-slide\">\r\n                                        <div class=\"bg-img\" data-background=\"https:\/\/byryber.com\/wp-content\/uploads\/2024\/01\/Cover-2.jpg\" data-overlay-dark=\"3\">\r\n                                            <a href=\"https:\/\/byryber.com\/en\/portfolio\/digital-pr-marketing-x-punta-tragara-hotel\/\" class=\"animsition-link\"><\/a>\r\n                                        <\/div>\r\n                                    <\/div>\r\n                                                            <\/div>\r\n                        <\/div>\r\n                    <\/div>\r\n                    <div class=\"gallery-text\">\r\n                        <div class=\"swiper-container\">\r\n                            <div class=\"swiper-wrapper\">\r\n                                                                    <div class=\"swiper-slide\">\r\n                                        <div class=\"text cursor-pointer\">\r\n                                            <h6>\r\n                                                                                                                                            <\/h6>\r\n                                            <h4 class=\"f-bold\"><a href=\"https:\/\/byryber.com\/en\/portfolio\/louis-vuitton-production\/\">Louis Vuitton<\/a><\/h4>\r\n                                        <\/div>\r\n                                    <\/div>\r\n                                                                    <div class=\"swiper-slide\">\r\n                                        <div class=\"text cursor-pointer\">\r\n                                            <h6>\r\n                                                                                                                                            <\/h6>\r\n                                            <h4 class=\"f-bold\"><a href=\"https:\/\/byryber.com\/en\/portfolio\/travel-experience-x-coccinelle-lapponia\/\">Coccinelle Escape<\/a><\/h4>\r\n                                        <\/div>\r\n                                    <\/div>\r\n                                                                    <div class=\"swiper-slide\">\r\n                                        <div class=\"text cursor-pointer\">\r\n                                            <h6>\r\n                                                                                                                                            <\/h6>\r\n                                            <h4 class=\"f-bold\"><a href=\"https:\/\/byryber.com\/en\/portfolio\/kilianparis-vanity-fair\/\">Kilian Paris &amp; Vanity Fair<\/a><\/h4>\r\n                                        <\/div>\r\n                                    <\/div>\r\n                                                                    <div class=\"swiper-slide\">\r\n                                        <div class=\"text cursor-pointer\">\r\n                                            <h6>\r\n                                                                                                                                            <\/h6>\r\n                                            <h4 class=\"f-bold\"><a href=\"https:\/\/byryber.com\/en\/portfolio\/digital-pr-marketing-x-punta-tragara-hotel\/\">Punta Tragara Hotel<\/a><\/h4>\r\n                                        <\/div>\r\n                                    <\/div>\r\n                                                            <\/div>\r\n                        <\/div>\r\n                    <\/div>\r\n                    <div class=\"swiper-controls\">\r\n                        <div class=\"swiper-button-next swiper-nav-ctrl cursor-pointer\">\r\n                            <div>\r\n                                <span>Next<\/span>\r\n                            <\/div>\r\n                            <div><i class=\"fas fa-chevron-right\"><\/i><\/div>\r\n                        <\/div>\r\n                        <div class=\"swiper-button-prev swiper-nav-ctrl cursor-pointer\">\r\n                            <div><i class=\"fas fa-chevron-left\"><\/i><\/div>\r\n                            <div>\r\n                                <span>Prev<\/span>\r\n                            <\/div>\r\n                        <\/div>\r\n                    <\/div>\r\n                    <div class=\"swiper-pagination\"><\/div>\r\n                <\/header>\r\n                    \t\t\t\t<\/div>\n\t\t\t\t<\/div>\n\t\t\t\t<\/div>\n\t\t<div class=\"elementor-element elementor-element-9498385 e-con-full e-flex e-con e-parent\" data-id=\"9498385\" data-element_type=\"container\" data-e-type=\"container\" data-settings=\"{&quot;background_background&quot;:&quot;classic&quot;}\">\n\t\t\t\t<div class=\"elementor-element elementor-element-aa56f6e elementor-widget elementor-widget-bayone-button-button-hover-anime\" data-id=\"aa56f6e\" data-element_type=\"widget\" data-e-type=\"widget\" data-widget_type=\"bayone-button-button-hover-anime.default\">\n\t\t\t\t<div class=\"elementor-widget-container\">\n\t\t\t\t\t        <div class=\"bayone-button-hover-anime\">\r\n            <div class=\"d-flex justify-content-center\">\r\n                <a href=\"https:\/\/byryber.com\/en\/our-work\/\" class=\"butn-circle animsition-link colorbg\">\r\n                    <span>VAI AI PROGETTI<\/span>\r\n                <\/a>\r\n            <\/div>\r\n        <\/div>\r\n        \t\t\t\t<\/div>\n\t\t\t\t<\/div>\n\t\t\t\t<\/div>\n\t\t<div class=\"elementor-element elementor-element-7818069 elementor-hidden-mobile e-flex e-con-boxed e-con e-parent\" data-id=\"7818069\" data-element_type=\"container\" data-e-type=\"container\" data-settings=\"{&quot;background_background&quot;:&quot;classic&quot;}\">\n\t\t\t\t\t<div class=\"e-con-inner\">\n\t\t<div class=\"elementor-element elementor-element-d739e13 e-con-full e-flex e-con e-child\" data-id=\"d739e13\" data-element_type=\"container\" data-e-type=\"container\">\n\t\t\t\t<div class=\"elementor-element elementor-element-29bce02 e-transform elementor-invisible elementor-widget elementor-widget-bayone-heading\" data-id=\"29bce02\" data-element_type=\"widget\" data-e-type=\"widget\" data-settings=\"{&quot;_transform_rotateZ_effect&quot;:{&quot;unit&quot;:&quot;px&quot;,&quot;size&quot;:&quot;180&quot;,&quot;sizes&quot;:[]},&quot;_animation&quot;:&quot;rotateIn&quot;,&quot;_animation_delay&quot;:&quot;900&quot;,&quot;_transform_rotateZ_effect_tablet&quot;:{&quot;unit&quot;:&quot;deg&quot;,&quot;size&quot;:&quot;&quot;,&quot;sizes&quot;:[]},&quot;_transform_rotateZ_effect_mobile&quot;:{&quot;unit&quot;:&quot;deg&quot;,&quot;size&quot;:&quot;&quot;,&quot;sizes&quot;:[]}}\" data-widget_type=\"bayone-heading.default\">\n\t\t\t\t<div class=\"elementor-widget-container\">\n\t\t\t\t\t\t\t<div class=\"bayone-heading-title\" >\r\n\t\t\t\t\t\t<h2 class=\"bayone-heading hide-br vertical-rl\">CHI SIAMO<\/h2>\t\t\t\t\t<\/div>\r\n\t\t\t\t\t\t<\/div>\n\t\t\t\t<\/div>\n\t\t\t\t<\/div>\n\t\t<div class=\"elementor-element elementor-element-6276b19 e-con-full e-flex e-con e-child\" data-id=\"6276b19\" data-element_type=\"container\" data-e-type=\"container\">\n\t\t\t\t<div class=\"elementor-element elementor-element-78f403e elementor-widget elementor-widget-text-editor\" data-id=\"78f403e\" data-element_type=\"widget\" data-e-type=\"widget\" data-widget_type=\"text-editor.default\">\n\t\t\t\t<div class=\"elementor-widget-container\">\n\t\t\t\t\t\t\t\t\t<span style=\"text-align: justify !important\">Byryber \u00e8 una boutique agency che affonda le sue radici nella creativit\u00e0. Siamo specializzati in: Comunicazione, Pr, Eventi.<\/span>\n\n<span style=\"text-align: justify !important;color: var( --e-global-color-accent );background-color: var( --e-global-color-secondary )\">La nostra missione \u00e8 guidare i nostri clienti verso il successo, studiando e realizzando strategie custom made attraverso progetti di comunicazione integrata, che diano una copertura mediatica a 360 gradi.<\/span>\n\n<span style=\"text-align: justify;background-color: var( --e-global-color-secondary );color: var( --e-global-color-accent )\">Grazie alla nostra passione e ad una profonda conoscenza del settore, siamo in grado di dar vita alle vostre visioni e desideri.<\/span>\t\t\t\t\t\t\t\t<\/div>\n\t\t\t\t<\/div>\n\t\t\t\t<div class=\"elementor-element elementor-element-0eb21f7 elementor-widget elementor-widget-bayone-heading\" data-id=\"0eb21f7\" data-element_type=\"widget\" data-e-type=\"widget\" data-widget_type=\"bayone-heading.default\">\n\t\t\t\t<div class=\"elementor-widget-container\">\n\t\t\t\t\t\t\t<div class=\"bayone-heading-title\" >\r\n\t\t\t\t\t\t<a href=\"https:\/\/byryber.com\/en\/services\/\">\r\n\t\t\t\t\t\t<h2 class=\"bayone-heading hide-br\"><span class=\"animsition-link fz-70 fw-700 stroke\">Discover more<\/span><\/h2>\t\t\t\t\t\t<\/a>\r\n\t\t\t\t\t<\/div>\r\n\t\t\t\t\t\t<\/div>\n\t\t\t\t<\/div>\n\t\t\t\t<\/div>\n\t\t<div class=\"elementor-element elementor-element-2c8aa88 e-con-full e-flex e-con e-child\" data-id=\"2c8aa88\" data-element_type=\"container\" data-e-type=\"container\">\n\t\t\t\t<div class=\"elementor-element elementor-element-f769992 elementor-widget elementor-widget-image\" data-id=\"f769992\" data-element_type=\"widget\" data-e-type=\"widget\" data-settings=\"{&quot;motion_fx_motion_fx_mouse&quot;:&quot;yes&quot;,&quot;motion_fx_mouseTrack_effect&quot;:&quot;yes&quot;,&quot;motion_fx_mouseTrack_speed&quot;:{&quot;unit&quot;:&quot;px&quot;,&quot;size&quot;:&quot;0.5&quot;,&quot;sizes&quot;:[]}}\" data-widget_type=\"image.default\">\n\t\t\t\t<div class=\"elementor-widget-container\">\n\t\t\t\t\t\t\t\t\t\t\t\t\t\t\t\t<a href=\"#elementor-action%3Aaction%3Dpopup%3Aopen%26settings%3DeyJpZCI6Ijg5MjIiLCJ0b2dnbGUiOmZhbHNlfQ%3D%3D\">\n\t\t\t\t\t\t\t<img fetchpriority=\"high\" decoding=\"async\" width=\"879\" height=\"835\" src=\"https:\/\/byryber.com\/wp-content\/uploads\/2024\/02\/home-byryber3.webp\" class=\"attachment-full size-full wp-image-9827\" alt=\"\" \/>\t\t\t\t\t\t\t\t<\/a>\n\t\t\t\t\t\t\t\t\t\t\t\t\t\t\t<\/div>\n\t\t\t\t<\/div>\n\t\t\t\t<\/div>\n\t\t\t\t\t<\/div>\n\t\t\t\t<\/div>\n\t\t<div class=\"elementor-element elementor-element-16a134b elementor-hidden-desktop elementor-hidden-tablet e-flex e-con-boxed e-con e-parent\" data-id=\"16a134b\" data-element_type=\"container\" data-e-type=\"container\" data-settings=\"{&quot;background_background&quot;:&quot;classic&quot;}\">\n\t\t\t\t\t<div class=\"e-con-inner\">\n\t\t<div class=\"elementor-element elementor-element-41dedda e-flex e-con-boxed e-con e-child\" data-id=\"41dedda\" data-element_type=\"container\" data-e-type=\"container\">\n\t\t\t\t\t<div class=\"e-con-inner\">\n\t\t\t\t<div class=\"elementor-element elementor-element-5b89540 e-transform elementor-widget-mobile__width-initial elementor-invisible elementor-widget elementor-widget-bayone-heading\" data-id=\"5b89540\" data-element_type=\"widget\" data-e-type=\"widget\" data-settings=\"{&quot;_transform_rotateZ_effect&quot;:{&quot;unit&quot;:&quot;px&quot;,&quot;size&quot;:&quot;180&quot;,&quot;sizes&quot;:[]},&quot;_animation&quot;:&quot;rotateIn&quot;,&quot;_animation_delay&quot;:&quot;900&quot;,&quot;_transform_rotateZ_effect_tablet&quot;:{&quot;unit&quot;:&quot;deg&quot;,&quot;size&quot;:&quot;&quot;,&quot;sizes&quot;:[]},&quot;_transform_rotateZ_effect_mobile&quot;:{&quot;unit&quot;:&quot;deg&quot;,&quot;size&quot;:&quot;&quot;,&quot;sizes&quot;:[]}}\" data-widget_type=\"bayone-heading.default\">\n\t\t\t\t<div class=\"elementor-widget-container\">\n\t\t\t\t\t\t\t<div class=\"bayone-heading-title\" >\r\n\t\t\t\t\t\t<h2 class=\"bayone-heading hide-br vertical-rl\">CHI SIAMO<\/h2>\t\t\t\t\t<\/div>\r\n\t\t\t\t\t\t<\/div>\n\t\t\t\t<\/div>\n\t\t\t\t<div class=\"elementor-element elementor-element-afbb4c9 elementor-widget-mobile__width-initial elementor-widget elementor-widget-text-editor\" data-id=\"afbb4c9\" data-element_type=\"widget\" data-e-type=\"widget\" data-widget_type=\"text-editor.default\">\n\t\t\t\t<div class=\"elementor-widget-container\">\n\t\t\t\t\t\t\t\t\t<span style=\"text-align: justify !important\">Byryber \u00e8 una boutique agency che affonda le sue radici nella creativit\u00e0.<br><br> Siamo specializzati in: Comunicazione, Pr, Eventi.\n<\/span><span style=\"text-align: justify !important;color: var( --e-global-color-accent );background-color: var( --e-global-color-secondary )\">La nostra missione \u00e8 guidare i nostri clienti verso il successo, studiando e realizzando strategie custom made attraverso progetti di comunicazione integrata, che diano una copertura mediatica a 360 gradi.<\/span><br><br>\n\n<span style=\"text-align: justify;background-color: var( --e-global-color-secondary );color: var( --e-global-color-accent )\">Grazie alla nostra passione e ad una profonda conoscenza del settore, siamo in grado di dar vita alle vostre visioni e desideri.<\/span>\t\t\t\t\t\t\t\t<\/div>\n\t\t\t\t<\/div>\n\t\t\t\t<div class=\"elementor-element elementor-element-aa67663 elementor-widget elementor-widget-bayone-heading\" data-id=\"aa67663\" data-element_type=\"widget\" data-e-type=\"widget\" data-widget_type=\"bayone-heading.default\">\n\t\t\t\t<div class=\"elementor-widget-container\">\n\t\t\t\t\t\t\t<div class=\"bayone-heading-title\" >\r\n\t\t\t\t\t\t<a href=\"https:\/\/byryber.com\/en\/contatti\/\">\r\n\t\t\t\t\t\t<h2 class=\"bayone-heading hide-br\"><span class=\"animsition-link fz-70 fw-700 stroke\">Discover more<\/span><\/h2>\t\t\t\t\t\t<\/a>\r\n\t\t\t\t\t<\/div>\r\n\t\t\t\t\t\t<\/div>\n\t\t\t\t<\/div>\n\t\t\t\t\t<\/div>\n\t\t\t\t<\/div>\n\t\t<div class=\"elementor-element elementor-element-39faa85 e-con-full e-flex e-con e-child\" data-id=\"39faa85\" data-element_type=\"container\" data-e-type=\"container\">\n\t\t\t\t<div class=\"elementor-element elementor-element-8e92c63 elementor-widget elementor-widget-image\" data-id=\"8e92c63\" data-element_type=\"widget\" data-e-type=\"widget\" data-settings=\"{&quot;motion_fx_motion_fx_mouse&quot;:&quot;yes&quot;,&quot;motion_fx_mouseTrack_effect&quot;:&quot;yes&quot;,&quot;motion_fx_mouseTrack_speed&quot;:{&quot;unit&quot;:&quot;px&quot;,&quot;size&quot;:&quot;0.5&quot;,&quot;sizes&quot;:[]}}\" data-widget_type=\"image.default\">\n\t\t\t\t<div class=\"elementor-widget-container\">\n\t\t\t\t\t\t\t\t\t\t\t\t\t\t\t\t<a href=\"#elementor-action%3Aaction%3Dpopup%3Aopen%26settings%3DeyJpZCI6Ijg5MjIiLCJ0b2dnbGUiOmZhbHNlfQ%3D%3D\">\n\t\t\t\t\t\t\t<img fetchpriority=\"high\" decoding=\"async\" width=\"879\" height=\"835\" src=\"https:\/\/byryber.com\/wp-content\/uploads\/2024\/02\/home-byryber3.webp\" class=\"attachment-full size-full wp-image-9827\" alt=\"\" \/>\t\t\t\t\t\t\t\t<\/a>\n\t\t\t\t\t\t\t\t\t\t\t\t\t\t\t<\/div>\n\t\t\t\t<\/div>\n\t\t\t\t<\/div>\n\t\t\t\t\t<\/div>\n\t\t\t\t<\/div>\n\t\t\t\t<\/div>\n\t\t","protected":false},"excerpt":{"rendered":"<p>https:\/\/byryber.com\/wp-content\/uploads\/2024\/04\/1HOME_DEF_16-9.mp4 https:\/\/byryber.com\/wp-content\/uploads\/2024\/04\/1HOME_DEF_9-16.mp4 Bringing vision to life Louis Vuitton Coccinelle Escape Kilian Paris &amp; Vanity Fair Punta Tragara Hotel Next Prev VAI AI PROGETTI CHI SIAMO Byryber \u00e8 una boutique agency che affonda le sue radici nella creativit\u00e0. Siamo specializzati in: Comunicazione, Pr, Eventi. La nostra missione \u00e8 guidare i nostri clienti verso il successo, studiando e realizzando strategie custom made &hellip;<\/p>","protected":false},"author":1,"featured_media":0,"parent":0,"menu_order":0,"comment_status":"closed","ping_status":"closed","template":"elementor_header_footer","meta":{"_acf_changed":false,"footnotes":""},"class_list":["post-8113","page","type-page","status-publish","hentry"],"acf":[],"_links":{"self":[{"href":"https:\/\/byryber.com\/en\/wp-json\/wp\/v2\/pages\/8113","targetHints":{"allow":["GET"]}}],"collection":[{"href":"https:\/\/byryber.com\/en\/wp-json\/wp\/v2\/pages"}],"about":[{"href":"https:\/\/byryber.com\/en\/wp-json\/wp\/v2\/types\/page"}],"author":[{"embeddable":true,"href":"https:\/\/byryber.com\/en\/wp-json\/wp\/v2\/users\/1"}],"replies":[{"embeddable":true,"href":"https:\/\/byryber.com\/en\/wp-json\/wp\/v2\/comments?post=8113"}],"version-history":[{"count":501,"href":"https:\/\/byryber.com\/en\/wp-json\/wp\/v2\/pages\/8113\/revisions"}],"predecessor-version":[{"id":11457,"href":"https:\/\/byryber.com\/en\/wp-json\/wp\/v2\/pages\/8113\/revisions\/11457"}],"wp:attachment":[{"href":"https:\/\/byryber.com\/en\/wp-json\/wp\/v2\/media?parent=8113"}],"curies":[{"name":"wp","href":"https:\/\/api.w.org\/{rel}","templated":true}]}}